{"id":9591,"date":"2022-03-24T14:53:02","date_gmt":"2022-03-24T14:53:02","guid":{"rendered":"https:\/\/www.wezoop.com\/?post_type=product&#038;p=9591"},"modified":"2026-01-20T17:23:46","modified_gmt":"2026-01-20T15:23:46","slug":"spirulina-apple-and-energy-snac","status":"publish","type":"product","link":"http:\/\/www.wezoop.com\/en\/product\/spirulina-apple-and-energy-snac\/","title":{"rendered":"Spirulina Apple And Energy Snack"},"content":{"rendered":"\t\t<div data-elementor-type=\"product-post\" data-elementor-id=\"9591\" class=\"elementor elementor-9591\" data-elementor-post-type=\"product\">\n\t\t\t\t\t\t<section class=\"elementor-section elementor-top-section elementor-element elementor-element-188ae591 elementor-section-boxed elementor-section-height-default elementor-section-height-default\" data-id=\"188ae591\" data-element_type=\"section\" data-e-type=\"section\">\n\t\t\t\t\t\t<div class=\"elementor-container elementor-column-gap-default\">\n\t\t\t\t\t<div class=\"elementor-column elementor-col-100 elementor-top-column elementor-element elementor-element-6a513e10\" data-id=\"6a513e10\" data-element_type=\"column\" data-e-type=\"column\">\n\t\t\t<div class=\"elementor-widget-wrap elementor-element-populated\">\n\t\t\t\t\t\t<div class=\"elementor-element elementor-element-723b525d elementor-widget elementor-widget-text-editor\" data-id=\"723b525d\" data-element_type=\"widget\" data-e-type=\"widget\" data-widget_type=\"text-editor.default\">\n\t\t\t\t<div class=\"elementor-widget-container\">\n\t\t\t\t\t\t\t\t\t<table style=\"height: 824px;\" width=\"788\">\n<tbody>\n<tr>\n<td colspan=\"2\" rowspan=\"2\" width=\"204\"><strong>Apple and \u201cEnergy peps\u201dSpirulina BITES Nutrition Value, 100g \/ Obuoli\u0173 ir \u201cenergy peps\u201d spirulinos BITES produkto maistingumas,100g<\/strong><\/td>\n<td width=\"64\"><\/td>\n<td width=\"64\"><\/td>\n<\/tr>\n<tr>\n<td width=\"64\">kJ<\/td>\n<td width=\"64\">kcal<\/td>\n<\/tr>\n<tr>\n<td colspan=\"2\" width=\"204\">Energy Value \/ Energetin\u0117 vert\u0117<\/td>\n<td width=\"64\">2796 kj\/<\/td>\n<td width=\"64\">666 kcal<\/td>\n<\/tr>\n<tr>\n<td width=\"195\">Fat \/ Riebalai<\/td>\n<td width=\"9\"><\/td>\n<td width=\"64\">51.8g<\/td>\n<td width=\"64\"><\/td>\n<\/tr>\n<tr>\n<td colspan=\"2\" width=\"204\">of which Saturates \/ I\u0161 kuri\u0173 so\u010di\u0173j\u0173 riebal\u0173 r\u016bg\u0161\u010di\u0173<\/td>\n<td width=\"64\">30.7g<\/td>\n<td width=\"64\"><\/td>\n<\/tr>\n<tr>\n<td colspan=\"2\" width=\"204\">Carbohydrate \/ Angliavandeniai<\/td>\n<td width=\"64\">43.2g<\/td>\n<td width=\"64\"><\/td>\n<\/tr>\n<tr>\n<td colspan=\"2\" width=\"204\">of which Sugars \/ i\u0161 kuri\u0173 cukrus<\/td>\n<td width=\"64\">38.0g<\/td>\n<td width=\"64\"><\/td>\n<\/tr>\n<tr>\n<td colspan=\"2\" width=\"204\">Fiber \/ Skaidulin\u0117s med\u017eiagos<\/td>\n<td width=\"64\">7.4g<\/td>\n<td width=\"64\"><\/td>\n<\/tr>\n<tr>\n<td width=\"195\">Protein \/ Baltymai<\/td>\n<td width=\"9\"><\/td>\n<td width=\"64\">2.7g<\/td>\n<td width=\"64\"><\/td>\n<\/tr>\n<tr>\n<td width=\"195\">Salt \/ Druska<\/td>\n<td width=\"9\"><\/td>\n<td width=\"64\">0g<\/td>\n<td width=\"64\"><\/td>\n<\/tr>\n<\/tbody>\n<\/table>\t\t\t\t\t\t\t\t<\/div>\n\t\t\t\t<\/div>\n\t\t\t\t\t<\/div>\n\t\t<\/div>\n\t\t\t\t\t<\/div>\n\t\t<\/section>\n\t\t\t\t<\/div>\n\t\t","protected":false},"excerpt":{"rendered":"<p><strong>Apple and \u201cEnergy peps\u201dSpirulina BITES Nutrition Value, 100g \/ Obuoli\u0173 ir \u201cenergy peps\u201d spirulinos BITES produkto maistingumas,100g<\/strong><\/p>\n","protected":false},"featured_media":9598,"comment_status":"open","ping_status":"closed","template":"","meta":[],"product_cat":[125],"product_tag":[],"class_list":{"0":"post-9591","1":"product","2":"type-product","3":"status-publish","4":"has-post-thumbnail","6":"product_cat-snacks","8":"first","9":"outofstock","10":"shipping-taxable","11":"purchasable","12":"product-type-simple"},"yoast_head":"<!-- This site is optimized with the Yoast SEO plugin v24.0 - https:\/\/yoast.com\/wordpress\/plugins\/seo\/ -->\n<title>Spirulina Apple And Energy Snack - WeZoop<\/title>\n<meta name=\"robots\" content=\"index, follow, max-snippet:-1, max-image-preview:large, max-video-preview:-1\" \/>\n<link rel=\"canonical\" href=\"http:\/\/www.wezoop.com\/en\/product\/spirulina-apple-and-energy-snac\/\" \/>\n<meta property=\"og:locale\" content=\"en_US\" \/>\n<meta property=\"og:type\" content=\"article\" \/>\n<meta property=\"og:title\" content=\"Spirulina Apple And Energy Snack - WeZoop\" \/>\n<meta property=\"og:description\" content=\"Apple and \u201cEnergy peps\u201dSpirulina BITES Nutrition Value, 100g \/ Obuoli\u0173 ir \u201cenergy peps\u201d spirulinos BITES produkto maistingumas,100g\" \/>\n<meta property=\"og:url\" content=\"http:\/\/www.wezoop.com\/en\/product\/spirulina-apple-and-energy-snac\/\" \/>\n<meta property=\"og:site_name\" content=\"WeZoop\" \/>\n<meta property=\"article:modified_time\" content=\"2026-01-20T15:23:46+00:00\" \/>\n<meta property=\"og:image\" content=\"https:\/\/www.wezoop.com\/wp-content\/uploads\/2022\/03\/Spirulina-Apple-1.png\" \/>\n\t<meta property=\"og:image:width\" content=\"1600\" \/>\n\t<meta property=\"og:image:height\" content=\"1600\" \/>\n\t<meta property=\"og:image:type\" content=\"image\/png\" \/>\n<meta name=\"twitter:card\" content=\"summary_large_image\" \/>\n<meta name=\"twitter:label1\" content=\"Est. reading time\" \/>\n\t<meta name=\"twitter:data1\" content=\"1 minute\" \/>\n<script type=\"application\/ld+json\" class=\"yoast-schema-graph\">{\"@context\":\"https:\/\/schema.org\",\"@graph\":[{\"@type\":\"WebPage\",\"@id\":\"http:\/\/www.wezoop.com\/en\/product\/spirulina-apple-and-energy-snac\/\",\"url\":\"http:\/\/www.wezoop.com\/en\/product\/spirulina-apple-and-energy-snac\/\",\"name\":\"Spirulina Apple And Energy Snack - WeZoop\",\"isPartOf\":{\"@id\":\"https:\/\/www.wezoop.com\/en\/#website\"},\"primaryImageOfPage\":{\"@id\":\"http:\/\/www.wezoop.com\/en\/product\/spirulina-apple-and-energy-snac\/#primaryimage\"},\"image\":{\"@id\":\"http:\/\/www.wezoop.com\/en\/product\/spirulina-apple-and-energy-snac\/#primaryimage\"},\"thumbnailUrl\":\"http:\/\/www.wezoop.com\/wp-content\/uploads\/2022\/03\/Spirulina-Apple-1.png\",\"datePublished\":\"2022-03-24T14:53:02+00:00\",\"dateModified\":\"2026-01-20T15:23:46+00:00\",\"breadcrumb\":{\"@id\":\"http:\/\/www.wezoop.com\/en\/product\/spirulina-apple-and-energy-snac\/#breadcrumb\"},\"inLanguage\":\"en-US\",\"potentialAction\":[{\"@type\":\"ReadAction\",\"target\":[\"http:\/\/www.wezoop.com\/en\/product\/spirulina-apple-and-energy-snac\/\"]}]},{\"@type\":\"ImageObject\",\"inLanguage\":\"en-US\",\"@id\":\"http:\/\/www.wezoop.com\/en\/product\/spirulina-apple-and-energy-snac\/#primaryimage\",\"url\":\"http:\/\/www.wezoop.com\/wp-content\/uploads\/2022\/03\/Spirulina-Apple-1.png\",\"contentUrl\":\"http:\/\/www.wezoop.com\/wp-content\/uploads\/2022\/03\/Spirulina-Apple-1.png\",\"width\":1600,\"height\":1600},{\"@type\":\"BreadcrumbList\",\"@id\":\"http:\/\/www.wezoop.com\/en\/product\/spirulina-apple-and-energy-snac\/#breadcrumb\",\"itemListElement\":[{\"@type\":\"ListItem\",\"position\":1,\"name\":\"Home\",\"item\":\"https:\/\/www.wezoop.com\/en\/\"},{\"@type\":\"ListItem\",\"position\":2,\"name\":\"Our Shop\",\"item\":\"https:\/\/www.wezoop.com\/en\/our-shop\/\"},{\"@type\":\"ListItem\",\"position\":3,\"name\":\"Spirulina Apple And Energy Snack\"}]},{\"@type\":\"WebSite\",\"@id\":\"https:\/\/www.wezoop.com\/en\/#website\",\"url\":\"https:\/\/www.wezoop.com\/en\/\",\"name\":\"WeZoop\",\"description\":\"Innovating Food\",\"publisher\":{\"@id\":\"https:\/\/www.wezoop.com\/en\/#organization\"},\"potentialAction\":[{\"@type\":\"SearchAction\",\"target\":{\"@type\":\"EntryPoint\",\"urlTemplate\":\"https:\/\/www.wezoop.com\/en\/?s={search_term_string}\"},\"query-input\":{\"@type\":\"PropertyValueSpecification\",\"valueRequired\":true,\"valueName\":\"search_term_string\"}}],\"inLanguage\":\"en-US\"},{\"@type\":\"Organization\",\"@id\":\"https:\/\/www.wezoop.com\/en\/#organization\",\"name\":\"WeZoop\",\"url\":\"https:\/\/www.wezoop.com\/en\/\",\"logo\":{\"@type\":\"ImageObject\",\"inLanguage\":\"en-US\",\"@id\":\"https:\/\/www.wezoop.com\/en\/#\/schema\/logo\/image\/\",\"url\":\"http:\/\/www.wezoop.com\/wp-content\/uploads\/2021\/04\/WeZoop-white.png\",\"contentUrl\":\"http:\/\/www.wezoop.com\/wp-content\/uploads\/2021\/04\/WeZoop-white.png\",\"width\":722,\"height\":481,\"caption\":\"WeZoop\"},\"image\":{\"@id\":\"https:\/\/www.wezoop.com\/en\/#\/schema\/logo\/image\/\"}}]}<\/script>\n<!-- \/ Yoast SEO plugin. -->","yoast_head_json":{"title":"Spirulina Apple And Energy Snack - WeZoop","robots":{"index":"index","follow":"follow","max-snippet":"max-snippet:-1","max-image-preview":"max-image-preview:large","max-video-preview":"max-video-preview:-1"},"canonical":"http:\/\/www.wezoop.com\/en\/product\/spirulina-apple-and-energy-snac\/","og_locale":"en_US","og_type":"article","og_title":"Spirulina Apple And Energy Snack - WeZoop","og_description":"Apple and \u201cEnergy peps\u201dSpirulina BITES Nutrition Value, 100g \/ Obuoli\u0173 ir \u201cenergy peps\u201d spirulinos BITES produkto maistingumas,100g","og_url":"http:\/\/www.wezoop.com\/en\/product\/spirulina-apple-and-energy-snac\/","og_site_name":"WeZoop","article_modified_time":"2026-01-20T15:23:46+00:00","og_image":[{"width":1600,"height":1600,"url":"https:\/\/www.wezoop.com\/wp-content\/uploads\/2022\/03\/Spirulina-Apple-1.png","type":"image\/png"}],"twitter_card":"summary_large_image","twitter_misc":{"Est. reading time":"1 minute"},"schema":{"@context":"https:\/\/schema.org","@graph":[{"@type":"WebPage","@id":"http:\/\/www.wezoop.com\/en\/product\/spirulina-apple-and-energy-snac\/","url":"http:\/\/www.wezoop.com\/en\/product\/spirulina-apple-and-energy-snac\/","name":"Spirulina Apple And Energy Snack - WeZoop","isPartOf":{"@id":"https:\/\/www.wezoop.com\/en\/#website"},"primaryImageOfPage":{"@id":"http:\/\/www.wezoop.com\/en\/product\/spirulina-apple-and-energy-snac\/#primaryimage"},"image":{"@id":"http:\/\/www.wezoop.com\/en\/product\/spirulina-apple-and-energy-snac\/#primaryimage"},"thumbnailUrl":"http:\/\/www.wezoop.com\/wp-content\/uploads\/2022\/03\/Spirulina-Apple-1.png","datePublished":"2022-03-24T14:53:02+00:00","dateModified":"2026-01-20T15:23:46+00:00","breadcrumb":{"@id":"http:\/\/www.wezoop.com\/en\/product\/spirulina-apple-and-energy-snac\/#breadcrumb"},"inLanguage":"en-US","potentialAction":[{"@type":"ReadAction","target":["http:\/\/www.wezoop.com\/en\/product\/spirulina-apple-and-energy-snac\/"]}]},{"@type":"ImageObject","inLanguage":"en-US","@id":"http:\/\/www.wezoop.com\/en\/product\/spirulina-apple-and-energy-snac\/#primaryimage","url":"http:\/\/www.wezoop.com\/wp-content\/uploads\/2022\/03\/Spirulina-Apple-1.png","contentUrl":"http:\/\/www.wezoop.com\/wp-content\/uploads\/2022\/03\/Spirulina-Apple-1.png","width":1600,"height":1600},{"@type":"BreadcrumbList","@id":"http:\/\/www.wezoop.com\/en\/product\/spirulina-apple-and-energy-snac\/#breadcrumb","itemListElement":[{"@type":"ListItem","position":1,"name":"Home","item":"https:\/\/www.wezoop.com\/en\/"},{"@type":"ListItem","position":2,"name":"Our Shop","item":"https:\/\/www.wezoop.com\/en\/our-shop\/"},{"@type":"ListItem","position":3,"name":"Spirulina Apple And Energy Snack"}]},{"@type":"WebSite","@id":"https:\/\/www.wezoop.com\/en\/#website","url":"https:\/\/www.wezoop.com\/en\/","name":"WeZoop","description":"Innovating Food","publisher":{"@id":"https:\/\/www.wezoop.com\/en\/#organization"},"potentialAction":[{"@type":"SearchAction","target":{"@type":"EntryPoint","urlTemplate":"https:\/\/www.wezoop.com\/en\/?s={search_term_string}"},"query-input":{"@type":"PropertyValueSpecification","valueRequired":true,"valueName":"search_term_string"}}],"inLanguage":"en-US"},{"@type":"Organization","@id":"https:\/\/www.wezoop.com\/en\/#organization","name":"WeZoop","url":"https:\/\/www.wezoop.com\/en\/","logo":{"@type":"ImageObject","inLanguage":"en-US","@id":"https:\/\/www.wezoop.com\/en\/#\/schema\/logo\/image\/","url":"http:\/\/www.wezoop.com\/wp-content\/uploads\/2021\/04\/WeZoop-white.png","contentUrl":"http:\/\/www.wezoop.com\/wp-content\/uploads\/2021\/04\/WeZoop-white.png","width":722,"height":481,"caption":"WeZoop"},"image":{"@id":"https:\/\/www.wezoop.com\/en\/#\/schema\/logo\/image\/"}}]}},"_links":{"self":[{"href":"http:\/\/www.wezoop.com\/en\/wp-json\/wp\/v2\/product\/9591","targetHints":{"allow":["GET"]}}],"collection":[{"href":"http:\/\/www.wezoop.com\/en\/wp-json\/wp\/v2\/product"}],"about":[{"href":"http:\/\/www.wezoop.com\/en\/wp-json\/wp\/v2\/types\/product"}],"replies":[{"embeddable":true,"href":"http:\/\/www.wezoop.com\/en\/wp-json\/wp\/v2\/comments?post=9591"}],"version-history":[{"count":2,"href":"http:\/\/www.wezoop.com\/en\/wp-json\/wp\/v2\/product\/9591\/revisions"}],"predecessor-version":[{"id":10022,"href":"http:\/\/www.wezoop.com\/en\/wp-json\/wp\/v2\/product\/9591\/revisions\/10022"}],"wp:featuredmedia":[{"embeddable":true,"href":"http:\/\/www.wezoop.com\/en\/wp-json\/wp\/v2\/media\/9598"}],"wp:attachment":[{"href":"http:\/\/www.wezoop.com\/en\/wp-json\/wp\/v2\/media?parent=9591"}],"wp:term":[{"taxonomy":"product_cat","embeddable":true,"href":"http:\/\/www.wezoop.com\/en\/wp-json\/wp\/v2\/product_cat?post=9591"},{"taxonomy":"product_tag","embeddable":true,"href":"http:\/\/www.wezoop.com\/en\/wp-json\/wp\/v2\/product_tag?post=9591"}],"curies":[{"name":"wp","href":"https:\/\/api.w.org\/{rel}","templated":true}]}}